{"id":2102,"date":"2021-02-17T17:25:13","date_gmt":"2021-02-17T16:25:13","guid":{"rendered":"https:\/\/tecnometalsrl.eu\/?page_id=2102"},"modified":"2021-02-18T15:59:32","modified_gmt":"2021-02-18T14:59:32","slug":"home-de","status":"publish","type":"page","link":"https:\/\/www.tecnometalsrl.eu\/de\/","title":{"rendered":"Home DE"},"content":{"rendered":"<div class=\"wpb-content-wrapper\"><p>[vc_row full_width=&#8220;stretch_row&#8220; css=&#8220;.vc_custom_1613383087570{margin-bottom: 100px !important;border-top-width: 15px !important;background: #000000 url(https:\/\/www.tecnometalsrl.eu\/wp-content\/uploads\/2021\/01\/Torneria-Automatica-Tecnometal-Srl-Saccolongo-Padova-.jpg?id=1548) !important;background-position: center !important;background-repeat: no-repeat !important;background-size: cover !important;border-top-color: #db002c !important;border-top-style: solid !important;}&#8220;][vc_column]<div class=\"cz_gap clr  hide_on_tablet hide_on_mobile\" style=\"height: 100px\"><\/div><div class=\"cz_gap show_on_tablet clr \" style=\"height: 25px\"><\/div><div id=\"cz_79996\" data-position=\"top-right\" class=\"cz_79996 cz_image clr cz_image_no_fx center_on_mobile\"><div class=\"\" ><div class=\"cz_image_in\"><div class=\"cz_main_image\"><img fetchpriority=\"high\" loading=\"eager\" decoding=\"sync\" data-no-lazy=\"1\" width=\"80\" height=\"81\" src=\"https:\/\/www.tecnometalsrl.eu\/wp-content\/uploads\/2021\/01\/Torneria-Automatica-Vicenza-Padova-Verona-verde.png\" class=\"attachment-full\" alt=\"Torneria Automatica Vicenza Padova Verona verde\" title=\"\"><\/div><\/div><\/div><\/div><div class=\"cz_gap clr \" style=\"height: 25px\"><\/div><div id=\"cz_44296\" class=\"cz_44296 cz_title clr cz_title_pos_inline tac\"><div class=\"cz_title_shape shape_text cz_shape_1\">BEARBEITUNG<\/div><div class=\"cz_title_content\"><div class=\"cz_wpe_content\"><h1 style=\"text-align: center;\"><strong><span style=\"font-size: 36px; color: #db002c;\">DREHEN UND FR\u00c4SEN<\/span><\/strong><\/h1>\n<\/div><\/div><\/div><div id=\"cz_13398\" class=\"cz_13398 cz_title clr cz_title_pos_inline tac\"><div class=\"cz_title_content\"><div class=\"cz_wpe_content\"><h3 style=\"text-align: center;\"><span style=\"font-size: 36px; color: #ffffff;\">Das Pr\u00e4zisionsdrehen ist eine der am h\u00e4ufigsten verwendeten Bearbeitungen zur Endbearbeitung von Metallkomponenten. <\/span><\/h3>\n<p style=\"text-align: justify;\"><span style=\"color: #ffffff;\">Die gewonnenen Erfahrungen und der Einsatz technologisch fortschrittlicher Maschinen erm\u00f6glichen es Tecnometal, unterschiedliche Arten der Drehung anzubieten. Die kontinuierliche Innovation der verwendeten Ausr\u00fcstung erm\u00f6glicht es, das Drehen verschiedener Materialien zu verwalten, zum Beispiel: Stahl, Edelstahl, Aluminium und Gusseisen; Indem jedem dieser Materialien das richtige Werkzeug zugeschrieben wird, k\u00f6nnen eine hervorragende Endbearbeitung und minimale Bearbeitungszeiten garantiert werden.<\/span><\/p>\n<\/div><\/div><\/div><div class=\"cz_gap clr  hide_on_mobile\" style=\"height: 100px\"><\/div><div class=\"cz_gap show_on_mobile clr\" style=\"height: 50px\"><\/div>[vc_row_inner][vc_column_inner width=&#8220;1\/3&#8243;]<div class=\"cz_eqh cz_content_box_parent_fx  \"><div id=\"cz_68045\" class=\"cz_68045 cz_content_box clr fx_backed_bend_in cz_box_back_pos_ml cz_box_backed\"><div class=\"cz_box_front clr\"><div class=\"cz_box_front_inner clr \"><span><\/span><div><div id=\"cz_108955\" class=\"cz_108955 cz_title clr cz_title_has_bg cz_title_pos_block\"><a href=\"https:\/\/www.tecnometalsrl.eu\/parco-macchine-tecnometal\/\" title=\"Parco Macchine\" role=\"button\" tabindex=\"0\" aria-label=\"Parco Macchine\"><div class=\"cz_title_shape shape_icon cz_shape_1\"><i class=\"fas fa-chevron-up\"><\/i><\/div><div class=\"cz_title_content\"><div class=\"cz_wpe_content\"><h3><span style=\"font-size: 24px; font-weight: 500;\">Maschinepark<\/span><\/h3>\n<\/div><\/div><\/a><\/div><\/div><\/div><\/div><div class=\"cz_box_back clr\">\n\t\t\t\t<div class=\"cz_box_back_inner clr\">\n\t\t\t\t\t<div>\n\t\t\t\t\t\t<div class=\"cz_box_back_inner_position\">\n\t\t\t\t\t\t\t<div class=\"cz_box_back_title\">UNSER MASCHINENPARK<\/div>\n\t\t\t\t\t\t\t<div class=\"cz_box_back_content\">Tecnometal nutzt einen Maschinenpark renommierter f\u00fchrender Marken im Bereich der automatischen Drehung und verschiedener automatischer Maschinen.<\/div>\n\t\t\t\t\t\t\t<a class=\"cz_box_back_btn\" href=\"https:\/\/www.tecnometalsrl.eu\/de\/maschinenpark\/\" title=\"Services\" role=\"button\" tabindex=\"0\" aria-label=\"Services\">Mehr lesen...<\/a>\n\t\t\t\t\t\t<\/div>\n\t\t\t\t\t<\/div>\n\t\t\t\t<\/div>\n\t\t\t<\/div><\/div><\/div><div class=\"cz_gap show_on_tablet clr \" style=\"height: 150px\"><\/div>[\/vc_column_inner][vc_column_inner width=&#8220;1\/3&#8243;]<div class=\"cz_eqh cz_content_box_parent_fx  \"><div id=\"cz_29149\" class=\"cz_29149 cz_content_box clr fx_backed_bend_in cz_box_back_pos_ml cz_box_backed\"><div class=\"cz_box_front clr\"><div class=\"cz_box_front_inner clr \"><span><\/span><div><div id=\"cz_61950\" class=\"cz_61950 cz_title clr cz_title_has_bg cz_title_pos_block\"><a href=\"https:\/\/www.tecnometalsrl.eu\/services\/\" title=\"Prodotti e Servizi\" role=\"button\" tabindex=\"0\" aria-label=\"Prodotti e Servizi\"><div class=\"cz_title_shape shape_icon cz_shape_1\"><i class=\"fas fa-chevron-up\"><\/i><\/div><div class=\"cz_title_content\"><div class=\"cz_wpe_content\"><h3><span style=\"font-size: 24px; font-weight: 500;\">Produkte und Dienstleisungen<\/span><\/h3>\n<\/div><\/div><\/a><\/div><\/div><\/div><\/div><div class=\"cz_box_back clr\">\n\t\t\t\t<div class=\"cz_box_back_inner clr\">\n\t\t\t\t\t<div>\n\t\t\t\t\t\t<div class=\"cz_box_back_inner_position\">\n\t\t\t\t\t\t\t<div class=\"cz_box_back_title\">PRODUKTE UND DIENSTLEISTUNGEN<\/div>\n\t\t\t\t\t\t\t<div class=\"cz_box_back_content\">Wir sind in der Lage, Oberfl\u00e4chenbehandlungen zur Verzinkung, H\u00e4rtung, Br\u00fcnierung, Vernickelung und Anodisierung herzustellen, die von hochqualifizierten Lieferanten durchgef\u00fchrt werden.<\/div>\n\t\t\t\t\t\t\t<a class=\"cz_box_back_btn\" href=\"https:\/\/www.tecnometalsrl.eu\/de\/produkte-und-dienstleistungen\/\" title=\"Services\" role=\"button\" tabindex=\"0\" aria-label=\"Services\">Mehr lesen ...<\/a>\n\t\t\t\t\t\t<\/div>\n\t\t\t\t\t<\/div>\n\t\t\t\t<\/div>\n\t\t\t<\/div><\/div><\/div><div class=\"cz_gap show_on_tablet clr \" style=\"height: 150px\"><\/div>[\/vc_column_inner][vc_column_inner width=&#8220;1\/3&#8243;]<div class=\"cz_eqh cz_content_box_parent_fx  \"><div id=\"cz_65852\" class=\"cz_65852 cz_content_box clr fx_backed_bend_in cz_box_back_pos_ml cz_box_backed\"><div class=\"cz_box_front clr\"><div class=\"cz_box_front_inner clr \"><span><\/span><div><div id=\"cz_110066\" class=\"cz_110066 cz_title clr cz_title_has_bg cz_title_pos_block\"><a href=\"https:\/\/www.tecnometalsrl.eu\/contatti\/\" title=\"Contatti\" role=\"button\" tabindex=\"0\" aria-label=\"Contatti\"><div class=\"cz_title_shape shape_icon cz_shape_1\"><i class=\"fas fa-chevron-up\"><\/i><\/div><div class=\"cz_title_content\"><div class=\"cz_wpe_content\"><h3><span style=\"font-size: 24px; font-weight: 500;\">Wo wir sind<\/span><\/h3>\n<\/div><\/div><\/a><\/div><\/div><\/div><\/div><div class=\"cz_box_back clr\">\n\t\t\t\t<div class=\"cz_box_back_inner clr\">\n\t\t\t\t\t<div>\n\t\t\t\t\t\t<div class=\"cz_box_back_inner_position\">\n\t\t\t\t\t\t\t<div class=\"cz_box_back_title\">Wo wir sind<\/div>\n\t\t\t\t\t\t\t<div class=\"cz_box_back_content\">Tecnometal Srl<br \/>\nVia Enrico Mattei 2<br \/>\n35030 Saccolongo (PD) Italy<br \/>\nTelefon +39 049 8016140 \u00b7 Fax +39 049 8019980<\/div>\n\t\t\t\t\t\t\t<a class=\"cz_box_back_btn\" href=\"https:\/\/www.tecnometalsrl.eu\/de\/kontakt\/\" title=\"Services\" role=\"button\" tabindex=\"0\" aria-label=\"Services\">Mehr lesen ...<\/a>\n\t\t\t\t\t\t<\/div>\n\t\t\t\t\t<\/div>\n\t\t\t\t<\/div>\n\t\t\t<\/div><\/div><\/div>[\/vc_column_inner][\/vc_row_inner][\/vc_column][\/vc_row][vc_row][vc_column]<div class=\"cz_gap clr  hide_on_tablet hide_on_mobile\" style=\"height: 150px\"><\/div><div class=\"cz_gap show_on_tablet clr \" style=\"height: 50px\"><\/div>[\/vc_column][\/vc_row][vc_row][vc_column width=&#8220;1\/2&#8243;]<div class=\"cz_eqh cz_content_box_parent_fx  \"><div id=\"cz_103450\" class=\"cz_103450 cz_content_box clr\"><div class=\"cz_box_front clr\"><div class=\"cz_box_front_inner clr cz_content_box_full_before\"><span><\/span><div><div id=\"cz_50114\" data-position=\"top-right\" class=\"cz_50114 cz_image clr cz_image_no_fx center_on_mobile\"><div class=\"\" ><div class=\"cz_image_in\" data-tilt><div class=\"cz_main_image\"><img decoding=\"async\" width=\"800\" height=\"765\" src=\"https:\/\/www.tecnometalsrl.eu\/wp-content\/uploads\/2021\/01\/Lavorazioni-di-tornitura-e-fresatura-a-padova.jpg\" class=\"attachment-full\" alt=\"Lavorazioni di tornitura e fresatura a padova\" srcset=\"https:\/\/www.tecnometalsrl.eu\/wp-content\/uploads\/2021\/01\/Lavorazioni-di-tornitura-e-fresatura-a-padova.jpg 800w, https:\/\/www.tecnometalsrl.eu\/wp-content\/uploads\/2021\/01\/Lavorazioni-di-tornitura-e-fresatura-a-padova-300x287.jpg 300w, https:\/\/www.tecnometalsrl.eu\/wp-content\/uploads\/2021\/01\/Lavorazioni-di-tornitura-e-fresatura-a-padova-768x734.jpg 768w, https:\/\/www.tecnometalsrl.eu\/wp-content\/uploads\/2021\/01\/Lavorazioni-di-tornitura-e-fresatura-a-padova-600x574.jpg 600w\" sizes=\"auto, (max-width: 800px) 100vw, 800px\" loading=\"lazy\" title=\"\"><\/div><\/div><\/div><\/div><\/div><\/div><\/div><\/div><\/div>[\/vc_column][vc_column width=&#8220;1\/2&#8243;]<div class=\"cz_gap clr  hide_on_tablet hide_on_mobile\" style=\"height: 35px\"><\/div><div class=\"cz_gap show_on_tablet clr \" style=\"height: 100px\"><\/div><div id=\"cz_36787\" class=\"cz_36787 cz_title clr cz_mobile_text_center cz_title_pos_inline\"><div class=\"cz_title_shape shape_text cz_shape_1\">Seit 2007<\/div><div class=\"cz_title_content\"><div class=\"cz_wpe_content\"><h3><strong><span style=\"font-size: 24px; color: #12773b;\">Mechanische Pr\u00e4zisionsbearbeitungen<\/span><\/strong><\/h3>\n<\/div><\/div><\/div><div id=\"cz_19391\" class=\"cz_19391 cz_title clr cz_mobile_text_center cz_title_pos_inline\"><div class=\"cz_title_content\"><div class=\"cz_wpe_content\"><h2><span style=\"font-size: 50px; color: #db002c;\">Drehen und Fr\u00e4sen<\/span><\/h2>\n<\/div><\/div><\/div><div class=\"cz_gap clr \" style=\"height: 50px\"><\/div><div id=\"cz_26377\" class=\"cz_26377 cz_title clr cz_mobile_text_center cz_title_pos_inline\"><div class=\"cz_title_content\"><div class=\"cz_wpe_content\"><p style=\"text-align: justify;\"><span style=\"font-size: 18px; color: #8b8b8b;\"><strong>Tecnometal<\/strong>, torneria automatica, ist <strong>ein junges Unternehmen, das sich auf kleine und mittlere mechanische Pr\u00e4zisionsdreh- und Fr\u00e4sarbeiten spezialisiert hat<\/strong> und <strong>seit 2007 auf dem Markt pr\u00e4sent ist<\/strong>. Der hoch entwickelte Maschinenpark erm\u00f6glicht es, <strong>pr\u00e4zise Fr\u00e4s- und Drehbearbeitungen<\/strong> aller Art und f\u00fcr jeden Bereich der italienischen Industrie zu garantieren. <\/span><\/p>\n<p style=\"text-align: justify;\"><span style=\"font-size: 18px; color: #8b8b8b;\">Die Technologie unserer <strong>Bearbeitungszentren f\u00fcr Pr\u00e4zisionsdrehen und -fr\u00e4sen<\/strong> und die F\u00e4higkeiten unserer qualifizierten Mitarbeiter erm\u00f6glichen es uns, eine umfassende Endbearbeitung der hergestellten Produkte zu gew\u00e4hrleisten.<\/span><\/p>\n<\/div><\/div><\/div><div class=\"cz_gap clr \" style=\"height: 75px\"><\/div>[\/vc_column][\/vc_row][vc_row][vc_column]<div class=\"cz_gap clr  hide_on_tablet hide_on_mobile\" style=\"height: 120px\"><\/div><div class=\"cz_gap show_on_tablet clr  show_only_tablet\" style=\"height: 100px\"><\/div><div class=\"cz_gap show_on_mobile clr\" style=\"height: 45px\"><\/div>[\/vc_column][\/vc_row][vc_row][vc_column]<div id=\"cz_20799\" class=\"cz_20799 cz_title clr cz_title_pos_inline tac\"><div class=\"cz_title_shape shape_text cz_shape_1\">DIENSTLEISTUNGEN<\/div><div class=\"cz_title_content\"><div class=\"cz_wpe_content\"><h3 style=\"text-align: center;\"><strong><span style=\"font-size: 24px; color: #12773b;\">FLACH- UND RUNDBEARBEITUNG <\/span><\/strong><\/h3>\n<\/div><\/div><\/div><div id=\"cz_67109\" class=\"cz_67109 cz_title clr cz_title_pos_inline tac\"><div class=\"cz_title_content\"><div class=\"cz_wpe_content\"><h3 style=\"text-align: center;\"><span style=\"font-size: 50px; color: #db002c;\">Maschinen der neuesten Generation<\/span><\/h3>\n<\/div><\/div><\/div><div class=\"cz_gap clr  hide_on_tablet hide_on_mobile\" style=\"height: 230px\"><\/div><div class=\"cz_gap show_on_tablet clr \" style=\"height: 180px\"><\/div>[\/vc_column][\/vc_row][vc_row full_width=&#8220;stretch_row&#8220; css=&#8220;.vc_custom_1578940949366{background-color: #f1f1f1 !important;}&#8220;][vc_column][vc_row_inner css=&#8220;.vc_custom_1578941601952{margin-top: -175px !important;}&#8220;][vc_column_inner width=&#8220;1\/3&#8243;]<div class=\"xtra-service-box-hover fx_bob_hover\"><div id=\"cz_32912\" class=\"cz_32912 services clr style1 cz_sbi_fx_2 services_b\"><div class=\"service_custom\"><i class=\"fa czico-121-signs\"><\/i><\/div><div class=\"service_text\"><h3>Pr\u00e4zision<\/h3><div class=\"cz_wpe_content\"><p style=\"text-align: justify;\"><strong>Tecnometal<\/strong> ist ein Unternehmen in der Provinz Padua, das gedrehte, gefr\u00e4ste und mit Gewinde versehene <strong>Einzelteile f\u00fcr alle Bereiche der italienischen Industrie<\/strong> herstellt, wo diese erforderlich sind. Wir bieten Produkte, die mit gr\u00f6\u00dfter Sorgfalt und Pr\u00e4zision hergestellt wurden und die Bearbeitungszeiten erheblich verk\u00fcrzen.<\/p>\n<\/div><\/div><\/div><\/div>[\/vc_column_inner][vc_column_inner width=&#8220;1\/3&#8243;]<div class=\"xtra-service-box-hover fx_bob_hover\"><div id=\"cz_14152\" class=\"cz_14152 services clr style1 cz_sbi_fx_2 services_b\"><div class=\"service_custom\"><i class=\"fa czico-077-like\"><\/i><\/div><div class=\"service_text\"><h3>Bearbeitung<\/h3><div class=\"cz_wpe_content\"><p style=\"text-align: justify;\"><strong>Tecnometal<\/strong> verf\u00fcgt \u00fcber <strong>Maschinen der neuesten Generation<\/strong> f\u00fcr die Flach- und Rundbearbeitung. Die verschiedenen <strong>Tecnometal<\/strong>-Abteilungen werden von hochqualifiziertem Personal verwaltet, so dass die Auftr\u00e4ge in absoluter Autonomie und unter vollst\u00e4ndiger Ber\u00fccksichtigung ihrer Besonderheiten abgewickelt werden k\u00f6nnen.<\/p>\n<\/div><\/div><\/div><\/div>[\/vc_column_inner][vc_column_inner width=&#8220;1\/3&#8243;]<div class=\"xtra-service-box-hover fx_bob_hover\"><div id=\"cz_20804\" class=\"cz_20804 services clr style1 cz_sbi_fx_2 services_b\"><div class=\"service_custom\"><i class=\"fa czico-186-luxury\"><\/i><\/div><div class=\"service_text\"><h3>Avantgarde<\/h3><div class=\"cz_wpe_content\"><div style=\"text-align: justify;\"><span lang=\"DE\">Schnelligkeit und Pr\u00e4zision sind unser Hauptziel, das wird durch den Einsatz <strong>modernster<\/strong> Ger\u00e4te, <strong>Maschinen und Werkzeuge\u00a0<\/strong>erzielen.\u00a0Unser Ziel ist es, die Bed\u00fcrfnisse des Kunden durch Qualit\u00e4t, Lieferzeiten, Preise und die verschiedenen angebotenen Dienstleistungen <strong>dauerhaft zu befriedigen<\/strong>.<\/span><\/div>\n<\/div><\/div><\/div><\/div>[\/vc_column_inner][vc_column_inner]<div class=\"xtra-service-box-hover fx_bob_hover\"><div id=\"cz_47642\" class=\"cz_47642 services clr style1 cz_sbi_fx_2 left\"><div class=\"service_custom\"><i class=\"fa czico-117-web\"><\/i><\/div><div class=\"service_text\"><h3>Checks<\/h3><div class=\"cz_wpe_content\"><h4 style=\"text-align: justify;\">Die Pr\u00e4zisionsbearbeitungen des Unternehmens werden durch eine Reihe von Kontroll- und Messinstrumenten erg\u00e4nzt, die es erm\u00f6glichen die erforderlichen Toleranz- und Endbearbeitungsparameter strikt einhalten zu k\u00f6nnen.<\/h4>\n<\/div><\/div><\/div><\/div>[\/vc_column_inner][\/vc_row_inner]<div class=\"cz_gap clr \" style=\"height: 35px\"><\/div>[vc_row_inner css=&#8220;.vc_custom_1611656966191{padding-top: 30px !important;padding-right: 20px !important;padding-bottom: 30px !important;padding-left: 20px !important;background-color: #ffffff !important;}&#8220;][vc_column_inner width=&#8220;3\/4&#8243;]<div id=\"cz_72846\" class=\"cz_72846 cz_title clr cz_mobile_text_center cz_title_has_icon cz_title_pos_inline\"><div class=\"cz_title_content\"><span class=\"cz_title_icon_before cz_title_image\"><img decoding=\"async\" width=\"80\" height=\"81\" src=\"https:\/\/www.tecnometalsrl.eu\/wp-content\/uploads\/2021\/01\/Torneria-Automatica-Vicenza-Padova-Verona-verde.png\" class=\"attachment-thumbnail\" alt=\"Torneria Automatica Vicenza Padova Verona verde\" loading=\"lazy\" title=\"\"><\/span><div class=\"cz_wpe_content\"><h3><span style=\"font-size: 32px;\"><span style=\"color: #db002c;\">Wir machen Ihre\u00a0<\/span><span style=\"color: #000001;\">Projekte wahr!<\/span><\/span><\/h3>\n<p><span style=\"font-size: 20px; color: #888;\">Wir setzen Ihre Ideen in erfolgreiche Projekte um.<\/span><\/p>\n<\/div><\/div><\/div>[\/vc_column_inner][vc_column_inner width=&#8220;1\/4&#8243;]<div class=\"cz_gap clr  hide_on_tablet hide_on_mobile\" style=\"height: 25px\"><\/div><div class=\"cz_gap show_on_tablet clr \" style=\"height: 30px\"><\/div><div class=\"cz_btn_right cz_mobile_btn_center\"><div class=\"cz_72463_p\"><a id=\"cz_72463\" class=\"cz_72463 cz_btn cz_btn_txt_no_fx cz_btn_no_fx\" href=\"https:\/\/www.tecnometalsrl.eu\/de\/kontakt\/\" title=\"Contact\" role=\"button\" tabindex=\"0\" aria-label=\"Contact\"><span><strong>Kontaktieren Sie uns!<\/strong><\/span><b class=\"cz_btn_onhover\"><strong>Kontaktieren Sie uns!<\/strong><\/b><\/a><\/div><\/div><div class=\"clr\"><\/div>[\/vc_column_inner][\/vc_row_inner]<div class=\"cz_gap clr \" style=\"height: 75px\"><\/div>[\/vc_column][\/vc_row]<\/p>\n<\/div>","protected":false},"excerpt":{"rendered":"<p>[vc_column_inner &#8230; <\/p>\n","protected":false},"author":2,"featured_media":0,"parent":0,"menu_order":0,"comment_status":"closed","ping_status":"closed","template":"","meta":{"footnotes":""},"class_list":["post-2102","page","type-page","status-publish","hentry"],"_links":{"self":[{"href":"https:\/\/www.tecnometalsrl.eu\/de\/wp-json\/wp\/v2\/pages\/2102","targetHints":{"allow":["GET"]}}],"collection":[{"href":"https:\/\/www.tecnometalsrl.eu\/de\/wp-json\/wp\/v2\/pages"}],"about":[{"href":"https:\/\/www.tecnometalsrl.eu\/de\/wp-json\/wp\/v2\/types\/page"}],"author":[{"embeddable":true,"href":"https:\/\/www.tecnometalsrl.eu\/de\/wp-json\/wp\/v2\/users\/2"}],"replies":[{"embeddable":true,"href":"https:\/\/www.tecnometalsrl.eu\/de\/wp-json\/wp\/v2\/comments?post=2102"}],"version-history":[{"count":0,"href":"https:\/\/www.tecnometalsrl.eu\/de\/wp-json\/wp\/v2\/pages\/2102\/revisions"}],"wp:attachment":[{"href":"https:\/\/www.tecnometalsrl.eu\/de\/wp-json\/wp\/v2\/media?parent=2102"}],"curies":[{"name":"wp","href":"https:\/\/api.w.org\/{rel}","templated":true}]}}