{"id":2122,"date":"2021-02-17T17:51:51","date_gmt":"2021-02-17T16:51:51","guid":{"rendered":"https:\/\/tecnometalsrl.eu\/?page_id=2122"},"modified":"2021-02-22T16:15:35","modified_gmt":"2021-02-22T15:15:35","slug":"produkte-und-dienstleistungen","status":"publish","type":"page","link":"https:\/\/www.tecnometalsrl.eu\/de\/produkte-und-dienstleistungen\/","title":{"rendered":"Produkte und Dienstleistungen"},"content":{"rendered":"<div class=\"wpb-content-wrapper\"><p>[vc_row][vc_column]<div id=\"cz_89614\" class=\"cz_89614 cz_title clr cz_title_pos_inline tac\"><div class=\"cz_title_shape shape_text cz_shape_1\">TECNOMETAL<\/div><div class=\"cz_title_content\"><div class=\"cz_wpe_content\"><h3 style=\"text-align: center;\"><strong><span style=\"font-size: 24px; color: #db002c;\">DAS K\u00d6NNEN WIR F\u00dcR SIE TUN<\/span><\/strong><\/h3>\n<\/div><\/div><\/div><div id=\"cz_71655\" class=\"cz_71655 cz_title clr cz_title_pos_inline tac\"><div class=\"cz_title_content\"><div class=\"cz_wpe_content\"><h3 style=\"text-align: center;\"><span style=\"font-size: 50px; color: #12773b;\">Unsere Dienstleistungen<\/span><\/h3>\n<\/div><\/div><\/div><div id=\"cz_29908\" class=\"cz_29908 services clr style1 services_b\"><div class=\"service_custom\"><\/div><div class=\"service_text\"><div class=\"cz_wpe_content\"><div class=\"mk-text-block responsive-align-center \">\n<div style=\"text-align: justify;\"><span lang=\"DE\">Tecnometal kann dank seines Maschinenparks und seines hochqualifizierten Personals, die Ausf\u00fchrung s\u00e4mtlicher\u00a0<\/span><strong><span lang=\"DE\">Einzelteile\u00a0<\/span><\/strong><span lang=\"DE\"><span lang=\"DE\">mit einer kontinuierlichen Stangenbearbeitung von mindestens 5mm bis maximal 65mm sicherstellen.<\/span><\/span><\/div>\n<div>\n<div style=\"text-align: justify;\"><span lang=\"DE\">Wir sind in der Lage,\u00a0<\/span><strong><span lang=\"DE\">Oberfl\u00e4chenbehandlungen\u00a0<\/span><\/strong><span lang=\"DE\"> zur Verzinkung, H\u00e4rtung, Br\u00fcnierung, Vernickelung und Anodisierung herzustellen, die von hochqualifizierten Lieferanten durchgef\u00fchrt werden.<\/span><\/div>\n<\/div>\n<h4 style=\"text-align: center;\"><span style=\"color: #db002c;\">Zur Auftragsabwicklung setzt Tecnometal eine Software ein, welche die Maschinenlast kontrolliert, so dass eine pr\u00e4zise Lieferprogrammierung eingehalten werden kann<\/span><\/h4>\n<\/div>\n<\/div><\/div><\/div><div class=\"cz_gap clr  hide_on_tablet hide_on_mobile\" style=\"height: 25px\"><\/div><div class=\"cz_gap show_on_tablet clr \" style=\"height: 25px\"><\/div>[\/vc_column][\/vc_row][vc_row css=&#8220;.vc_custom_1589013567312{margin-bottom: -115px !important;}&#8220; el_class=&#8220;z99&#8243;][vc_column][vc_row_inner equal_height=&#8220;yes&#8220;][vc_column_inner width=&#8220;1\/3&#8243; css=&#8220;.vc_custom_1611331595282{margin-bottom: 24px !important;}&#8220;]<div id=\"cz_55155\" class=\"cz_55155 services clr style1 cz_sbi_fx_9a services_b\"><div class=\"service_custom\"><\/div><div class=\"service_text\"><h3>BR\u00dcNIEREN<\/h3><div class=\"cz_wpe_content\"><h4><span style=\"color: #db002c;\">Verbessert die Korrosionsbest\u00e4ndigkeit und erzeugt keine Dicke<\/span><\/h4>\n<p>Diese Behandlung f\u00e4rbt die Metalle in schwarzer Farbe, die homogen, gl\u00e4nzend und deckend ist, um die Korrosionsbest\u00e4ndigkeit zu verbessern. Sie ver\u00e4ndert jedoch nicht die geometrischen Eigenschaften und erzeugt keine Dicke, sondern dringt in das Material ein.<\/div><\/div><\/div><div class=\"cz_gap clr  hide_on_tablet hide_on_mobile\" style=\"height: 0px\"><\/div><div class=\"cz_gap show_on_tablet clr \" style=\"height: 100px\"><\/div>[\/vc_column_inner][vc_column_inner width=&#8220;1\/3&#8243; css=&#8220;.vc_custom_1611331600231{margin-bottom: 24px !important;}&#8220;]<div id=\"cz_21630\" class=\"cz_21630 services clr style1 cz_sbi_fx_9a services_b\"><div class=\"service_custom\"><\/div><div class=\"service_text\"><h3>VERNICKELUNG<\/h3><div class=\"cz_wpe_content\"><h4><span style=\"color: #db002c;\">\u00c4ndert die Oberfl\u00e4cheneigenschaften von Materialien<\/span><\/h4>\n<p>Das Vernickeln wird in zwei Verarbeitungsverfahren unterteilt: das elektrolytische Vernickeln und das chemische Vernickeln. Der Zweck der Behandlung besteht darin, die Oberfl\u00e4cheneigenschaften der verarbeiteten Materialien zu \u00e4ndern.<\/div><\/div><\/div><div class=\"cz_gap clr  hide_on_tablet hide_on_mobile\" style=\"height: 0px\"><\/div><div class=\"cz_gap show_on_tablet clr \" style=\"height: 100px\"><\/div>[\/vc_column_inner][vc_column_inner width=&#8220;1\/3&#8243; css=&#8220;.vc_custom_1611331604911{margin-bottom: 24px !important;}&#8220;]<div id=\"cz_98051\" class=\"cz_98051 services clr style1 cz_sbi_fx_9a services_b\"><div class=\"service_custom\"><\/div><div class=\"service_text\"><h3>VERCHROMUNG<\/h3><div class=\"cz_wpe_content\"><h4><span style=\"color: #db002c;\">Dies gibt einem verschlissenen Einzelteil die urspr\u00fcngliche Dicke<\/span><\/h4>\n<p>Das Verfahren zur Verchromung ist in der Industrie weit verbreitet, da es erm\u00f6glicht, einem abgenutzten mechanischen Teil seine Dicke zur\u00fcck zu geben, es wieder in seine urspr\u00fcnglichen Eigenschaften zu bringen und ihm eine hohe Verschlei\u00df- und Korrosionsbest\u00e4ndigkeit zu verleihen<\/div><\/div><\/div><div class=\"cz_gap clr  hide_on_tablet hide_on_mobile\" style=\"height: 0px\"><\/div><div class=\"cz_gap show_on_tablet clr \" style=\"height: 100px\"><\/div>[\/vc_column_inner][vc_column_inner width=&#8220;1\/3&#8243;]<div id=\"cz_64980\" class=\"cz_64980 services clr style1 cz_sbi_fx_9a services_b\"><div class=\"service_custom\"><\/div><div class=\"service_text\"><h3>ANODISIERUNG<\/h3><div class=\"cz_wpe_content\"><h4><span style=\"color: #db002c;\">Elektrochemischer Prozess, der eine Oxidschicht auf der Metalloberfl\u00e4che fixiert<\/span><\/h4>\n<p>Anodische Oxidation ist ein elektrochemischer Prozess, bei dem auf den Oberfl\u00e4chen eine Aluminiumoxidschicht entsteht.<\/p>\n<p>Die Schicht ist variabel und unterteilt die Behandlung in d\u00fcnn, mit einer Schicht von 5\/20 Mikron und halbhart mit einer Schicht von 20\/30 Mikron. Wichtig sind die verschiedenen Farben, die erhalten werden.<\/div><\/div><\/div><div class=\"cz_gap clr  hide_on_tablet hide_on_mobile\" style=\"height: 0px\"><\/div><div class=\"cz_gap show_on_tablet clr \" style=\"height: 100px\"><\/div>[\/vc_column_inner][vc_column_inner width=&#8220;1\/3&#8243;]<div id=\"cz_63935\" class=\"cz_63935 services clr style1 cz_sbi_fx_9a services_b\"><div class=\"service_custom\"><\/div><div class=\"service_text\"><h3>VERZINKUNG<\/h3><div class=\"cz_wpe_content\"><h4><span style=\"color: #db002c;\">Auftragen einer Zinkbeschichtung, die vor galvanischer Korrosion sch\u00fctzt <\/span><\/h4>\n<p>Das weit verbreitete Verzinken ist ein Verfahren, bei dem Metalle in ein Zinksalz enthaltendes Elektrolytbad getaucht werden.<\/p>\n<p>Schlie\u00dflich wird ein Stromdurchfluss zwischen dem Werkst\u00fcck und der L\u00f6sung erzeugt, der es erm\u00f6glicht, das Zink auf gleichm\u00e4\u00dfige Weise auf den Oberfl\u00e4chen des Werkst\u00fccks abzuscheiden.<\/div><\/div><\/div><div class=\"cz_gap clr  hide_on_tablet hide_on_mobile\" style=\"height: 0px\"><\/div><div class=\"cz_gap show_on_tablet clr \" style=\"height: 100px\"><\/div>[\/vc_column_inner][vc_column_inner width=&#8220;1\/3&#8243;]<div id=\"cz_97085\" class=\"cz_97085 services clr style1 cz_sbi_fx_9a services_b\"><div class=\"service_custom\"><\/div><div class=\"service_text\"><h3>OBERFL\u00c4CHEN BEHANDLUNGEN<\/h3><div class=\"cz_wpe_content\"><h4><span style=\"color: #db002c;\">Diese sind wichtig bei Fertigerzeugnissen, um sie insgesamt korrosionsbest\u00e4ndiger zu machen<\/span><\/h4>\n<p>Wir liefern auch Produkte komplett mit Oberfl\u00e4chenbehandlungen, welche die Werkst\u00fccke noch korrosionsbest\u00e4ndiger machen. Jeder Kunde fordert die Behandlung entsprechend seinen Bed\u00fcrfnissen.<\/p>\n<p>Aus diesem Grund verwenden wir Strukturen, um diese an seinen eigenen Anlagen zu gew\u00e4hrleisten.<\/div><\/div><\/div><div class=\"cz_gap clr  hide_on_tablet hide_on_mobile\" style=\"height: 0px\"><\/div><div class=\"cz_gap show_on_tablet clr \" style=\"height: 100px\"><\/div>[\/vc_column_inner][\/vc_row_inner][\/vc_column][\/vc_row][vc_row full_width=&#8220;stretch_row&#8220; css=&#8220;.vc_custom_1611566706362{background: #000001 url(https:\/\/www.tecnometalsrl.eu\/wp-content\/uploads\/2021\/01\/Torneria-Automatica-Tecnometal-Srl-Saccolongo-Padova-.jpg?id=1548) !important;background-position: center !important;background-repeat: no-repeat !important;background-size: cover !important;}&#8220;][vc_column]<div class=\"cz_gap clr \" style=\"height: 50px\"><\/div><div id=\"cz_16580\" class=\"cz_grid_p cz_16580\"><div class=\"cz_grid cz_grid_1 clr cz_grid_c6 cz_grid_1_no_title cz_grid_1_mid tac cz_grid_1_no_title\"><div class=\"cz_grid_item cz_grid_first\"><\/div><div class=\"cz_grid_item \"><div data-title=\"Sistema di controllo pezzi a laser\"><a class=\"cz_grid_link \" href=\"https:\/\/www.tecnometalsrl.eu\/wp-content\/uploads\/2021\/02\/sistema-di-controllo-pezzi-a-laser.jpg\" data-xtra-lightbox><img decoding=\"async\" width=\"600\" height=\"600\" src=\"https:\/\/www.tecnometalsrl.eu\/wp-content\/uploads\/2021\/02\/sistema-di-controllo-pezzi-a-laser-600x600.jpg\" class=\"attachment-codevz_600_600\" alt=\"Sistema di controllo pezzi a laser\" srcset=\"https:\/\/www.tecnometalsrl.eu\/wp-content\/uploads\/2021\/02\/sistema-di-controllo-pezzi-a-laser-600x600.jpg 600w, https:\/\/www.tecnometalsrl.eu\/wp-content\/uploads\/2021\/02\/sistema-di-controllo-pezzi-a-laser-150x150.jpg 150w\" sizes=\"auto, (max-width: 600px) 100vw, 600px\" loading=\"lazy\" title=\"\"><div class=\"cz_grid_details\"><i class=\"fa fa-search cz_grid_icon\"><\/i><\/div><\/a><\/div><\/div><div class=\"cz_grid_item \"><div data-title=\"Prodotti finiti\"><a class=\"cz_grid_link \" href=\"https:\/\/www.tecnometalsrl.eu\/wp-content\/uploads\/2021\/01\/Prodotti.jpg\" data-xtra-lightbox><img decoding=\"async\" width=\"600\" height=\"600\" src=\"https:\/\/www.tecnometalsrl.eu\/wp-content\/uploads\/2021\/01\/Prodotti-600x600.jpg\" class=\"attachment-codevz_600_600\" alt=\"Prodotti finiti\" srcset=\"https:\/\/www.tecnometalsrl.eu\/wp-content\/uploads\/2021\/01\/Prodotti-600x600.jpg 600w, https:\/\/www.tecnometalsrl.eu\/wp-content\/uploads\/2021\/01\/Prodotti-150x150.jpg 150w\" sizes=\"auto, (max-width: 600px) 100vw, 600px\" loading=\"lazy\" title=\"\"><div class=\"cz_grid_details\"><i class=\"fa fa-search cz_grid_icon\"><\/i><\/div><\/a><\/div><\/div><div class=\"cz_grid_item \"><div data-title=\"Cincom Citizen\"><a class=\"cz_grid_link \" href=\"https:\/\/www.tecnometalsrl.eu\/wp-content\/uploads\/2021\/01\/Cincom-Citizen.jpg\" data-xtra-lightbox><img decoding=\"async\" width=\"600\" height=\"600\" src=\"https:\/\/www.tecnometalsrl.eu\/wp-content\/uploads\/2021\/01\/Cincom-Citizen-600x600.jpg\" class=\"attachment-codevz_600_600\" alt=\"Cincom Citizen\" srcset=\"https:\/\/www.tecnometalsrl.eu\/wp-content\/uploads\/2021\/01\/Cincom-Citizen-600x600.jpg 600w, https:\/\/www.tecnometalsrl.eu\/wp-content\/uploads\/2021\/01\/Cincom-Citizen-150x150.jpg 150w\" sizes=\"auto, (max-width: 600px) 100vw, 600px\" loading=\"lazy\" title=\"\"><div class=\"cz_grid_details\"><i class=\"fa fa-search cz_grid_icon\"><\/i><\/div><\/a><\/div><\/div><div class=\"cz_grid_item \"><div data-title=\"Controllo al microscopio\"><a class=\"cz_grid_link \" href=\"https:\/\/www.tecnometalsrl.eu\/wp-content\/uploads\/2021\/01\/Controllo-al-microscopio.jpg\" data-xtra-lightbox><img decoding=\"async\" width=\"600\" height=\"600\" src=\"https:\/\/www.tecnometalsrl.eu\/wp-content\/uploads\/2021\/01\/Controllo-al-microscopio-600x600.jpg\" class=\"attachment-codevz_600_600\" alt=\"Controllo al microscopio\" srcset=\"https:\/\/www.tecnometalsrl.eu\/wp-content\/uploads\/2021\/01\/Controllo-al-microscopio-600x600.jpg 600w, https:\/\/www.tecnometalsrl.eu\/wp-content\/uploads\/2021\/01\/Controllo-al-microscopio-150x150.jpg 150w\" sizes=\"auto, (max-width: 600px) 100vw, 600px\" loading=\"lazy\" title=\"\"><div class=\"cz_grid_details\"><i class=\"fa fa-search cz_grid_icon\"><\/i><\/div><\/a><\/div><\/div><div class=\"cz_grid_item \"><div data-title=\"Cromatura pezzi\"><a class=\"cz_grid_link \" href=\"https:\/\/www.tecnometalsrl.eu\/wp-content\/uploads\/2021\/01\/Cromatura-pezzi.jpg\" data-xtra-lightbox><img decoding=\"async\" width=\"600\" height=\"600\" src=\"https:\/\/www.tecnometalsrl.eu\/wp-content\/uploads\/2021\/01\/Cromatura-pezzi-600x600.jpg\" class=\"attachment-codevz_600_600\" alt=\"Cromatura pezzi\" srcset=\"https:\/\/www.tecnometalsrl.eu\/wp-content\/uploads\/2021\/01\/Cromatura-pezzi-600x600.jpg 600w, https:\/\/www.tecnometalsrl.eu\/wp-content\/uploads\/2021\/01\/Cromatura-pezzi-150x150.jpg 150w\" sizes=\"auto, (max-width: 600px) 100vw, 600px\" loading=\"lazy\" title=\"\"><div class=\"cz_grid_details\"><i class=\"fa fa-search cz_grid_icon\"><\/i><\/div><\/a><\/div><\/div><div class=\"cz_grid_item \"><div data-title=\"Pannello di controllo\"><a class=\"cz_grid_link \" href=\"https:\/\/www.tecnometalsrl.eu\/wp-content\/uploads\/2021\/01\/Pannello-di-controllo.jpg\" data-xtra-lightbox><img decoding=\"async\" width=\"600\" height=\"600\" src=\"https:\/\/www.tecnometalsrl.eu\/wp-content\/uploads\/2021\/01\/Pannello-di-controllo-600x600.jpg\" class=\"attachment-codevz_600_600\" alt=\"Pannello di controllo\" srcset=\"https:\/\/www.tecnometalsrl.eu\/wp-content\/uploads\/2021\/01\/Pannello-di-controllo-600x600.jpg 600w, https:\/\/www.tecnometalsrl.eu\/wp-content\/uploads\/2021\/01\/Pannello-di-controllo-150x150.jpg 150w\" sizes=\"auto, (max-width: 600px) 100vw, 600px\" loading=\"lazy\" title=\"\"><div class=\"cz_grid_details\"><i class=\"fa fa-search cz_grid_icon\"><\/i><\/div><\/a><\/div><\/div><div class=\"cz_grid_item \"><div data-title=\"Lavorazione del prodotto\"><a class=\"cz_grid_link \" href=\"https:\/\/www.tecnometalsrl.eu\/wp-content\/uploads\/2021\/01\/Lavorazione-del-prodotto.jpg\" data-xtra-lightbox><img decoding=\"async\" width=\"600\" height=\"600\" src=\"https:\/\/www.tecnometalsrl.eu\/wp-content\/uploads\/2021\/01\/Lavorazione-del-prodotto-600x600.jpg\" class=\"attachment-codevz_600_600\" alt=\"Lavorazione del prodotto\" srcset=\"https:\/\/www.tecnometalsrl.eu\/wp-content\/uploads\/2021\/01\/Lavorazione-del-prodotto-600x600.jpg 600w, https:\/\/www.tecnometalsrl.eu\/wp-content\/uploads\/2021\/01\/Lavorazione-del-prodotto-150x150.jpg 150w\" sizes=\"auto, (max-width: 600px) 100vw, 600px\" loading=\"lazy\" title=\"\"><div class=\"cz_grid_details\"><i class=\"fa fa-search cz_grid_icon\"><\/i><\/div><\/a><\/div><\/div><div class=\"cz_grid_item \"><div data-title=\"Fresatura\"><a class=\"cz_grid_link \" href=\"https:\/\/www.tecnometalsrl.eu\/wp-content\/uploads\/2021\/01\/Fresatura.jpg\" data-xtra-lightbox><img decoding=\"async\" width=\"600\" height=\"600\" src=\"https:\/\/www.tecnometalsrl.eu\/wp-content\/uploads\/2021\/01\/Fresatura-600x600.jpg\" class=\"attachment-codevz_600_600\" alt=\"Fresatura di precisione Padova Vicenza Verona\" title=\"Fresatura\" srcset=\"https:\/\/www.tecnometalsrl.eu\/wp-content\/uploads\/2021\/01\/Fresatura-600x600.jpg 600w, https:\/\/www.tecnometalsrl.eu\/wp-content\/uploads\/2021\/01\/Fresatura-150x150.jpg 150w\" sizes=\"auto, (max-width: 600px) 100vw, 600px\" loading=\"lazy\" \/><div class=\"cz_grid_details\"><i class=\"fa fa-search cz_grid_icon\"><\/i><\/div><\/a><\/div><\/div><div class=\"cz_grid_item \"><div data-title=\"Tornitura CNC\"><a class=\"cz_grid_link \" href=\"https:\/\/www.tecnometalsrl.eu\/wp-content\/uploads\/2021\/01\/Tornitura-CNC.jpg\" data-xtra-lightbox><img decoding=\"async\" width=\"600\" height=\"600\" src=\"https:\/\/www.tecnometalsrl.eu\/wp-content\/uploads\/2021\/01\/Tornitura-CNC-600x600.jpg\" class=\"attachment-codevz_600_600\" alt=\"Tornitura CNC\" srcset=\"https:\/\/www.tecnometalsrl.eu\/wp-content\/uploads\/2021\/01\/Tornitura-CNC-600x600.jpg 600w, https:\/\/www.tecnometalsrl.eu\/wp-content\/uploads\/2021\/01\/Tornitura-CNC-150x150.jpg 150w\" sizes=\"auto, (max-width: 600px) 100vw, 600px\" loading=\"lazy\" title=\"\"><div class=\"cz_grid_details\"><i class=\"fa fa-search cz_grid_icon\"><\/i><\/div><\/a><\/div><\/div><div class=\"cz_grid_item \"><div data-title=\"Rettifica\"><a class=\"cz_grid_link \" href=\"https:\/\/www.tecnometalsrl.eu\/wp-content\/uploads\/2021\/01\/Rettifica.jpg\" data-xtra-lightbox><img decoding=\"async\" width=\"600\" height=\"600\" src=\"https:\/\/www.tecnometalsrl.eu\/wp-content\/uploads\/2021\/01\/Rettifica-600x600.jpg\" class=\"attachment-codevz_600_600\" alt=\"Rettifica\" srcset=\"https:\/\/www.tecnometalsrl.eu\/wp-content\/uploads\/2021\/01\/Rettifica-600x600.jpg 600w, https:\/\/www.tecnometalsrl.eu\/wp-content\/uploads\/2021\/01\/Rettifica-150x150.jpg 150w\" sizes=\"auto, (max-width: 600px) 100vw, 600px\" loading=\"lazy\" title=\"\"><div class=\"cz_grid_details\"><i class=\"fa fa-search cz_grid_icon\"><\/i><\/div><\/a><\/div><\/div><div class=\"cz_grid_item \"><div data-title=\"Rettifica da banco\"><a class=\"cz_grid_link \" href=\"https:\/\/www.tecnometalsrl.eu\/wp-content\/uploads\/2021\/01\/Rettifica-da-banco.jpg\" data-xtra-lightbox><img decoding=\"async\" width=\"600\" height=\"600\" src=\"https:\/\/www.tecnometalsrl.eu\/wp-content\/uploads\/2021\/01\/Rettifica-da-banco-600x600.jpg\" class=\"attachment-codevz_600_600\" alt=\"Rettifica da banco\" srcset=\"https:\/\/www.tecnometalsrl.eu\/wp-content\/uploads\/2021\/01\/Rettifica-da-banco-600x600.jpg 600w, https:\/\/www.tecnometalsrl.eu\/wp-content\/uploads\/2021\/01\/Rettifica-da-banco-150x150.jpg 150w\" sizes=\"auto, (max-width: 600px) 100vw, 600px\" loading=\"lazy\" title=\"\"><div class=\"cz_grid_details\"><i class=\"fa fa-search cz_grid_icon\"><\/i><\/div><\/a><\/div><\/div><div class=\"cz_grid_item \"><div data-title=\"Controllo Laser\"><a class=\"cz_grid_link \" href=\"https:\/\/www.tecnometalsrl.eu\/wp-content\/uploads\/2021\/01\/Controllo-Laser.jpg\" data-xtra-lightbox><img decoding=\"async\" width=\"600\" height=\"600\" src=\"https:\/\/www.tecnometalsrl.eu\/wp-content\/uploads\/2021\/01\/Controllo-Laser-600x600.jpg\" class=\"attachment-codevz_600_600\" alt=\"Controllo Laser\" srcset=\"https:\/\/www.tecnometalsrl.eu\/wp-content\/uploads\/2021\/01\/Controllo-Laser-600x600.jpg 600w, https:\/\/www.tecnometalsrl.eu\/wp-content\/uploads\/2021\/01\/Controllo-Laser-150x150.jpg 150w\" sizes=\"auto, (max-width: 600px) 100vw, 600px\" loading=\"lazy\" title=\"\"><div class=\"cz_grid_details\"><i class=\"fa fa-search cz_grid_icon\"><\/i><\/div><\/a><\/div><\/div><\/div><\/div><div class=\"cz_gap clr  hide_on_tablet hide_on_mobile\" style=\"height: 50px\"><\/div><div class=\"cz_gap show_on_tablet clr \" style=\"height: 25px\"><\/div>[vc_row_inner][vc_column_inner width=&#8220;1\/2&#8243;]<div id=\"cz_20495\" class=\"cz_20495 services clr style1 services_b\"><div class=\"service_custom\"><\/div><div class=\"service_text\"><div class=\"cz_wpe_content\"><div class=\"mk-text-block responsive-align-center \">\n<div style=\"text-align: justify;\"><span lang=\"DE\">Die beachtliche Erfahrung, die durch jahrelange Arbeit und <strong>st\u00e4ndige Innovation<\/strong> gewonnen wurde, kombiniert mit der Forschung in <strong>mechanischen Pr\u00e4zisionsbearbeitungen<\/strong> verschiedener Arten von Materialien wie <strong>Titan, legiertem Stahl, Edelstahl, geh\u00e4rteten Materialien, Aluminium, Messing, Kunststoff<\/strong>; erm\u00f6glicht es dem Unternehmen, in verschiedenen Industriebereichen t\u00e4tig zu sein. <\/span><\/div>\n<\/div>\n<\/div><\/div><\/div>[\/vc_column_inner][vc_column_inner width=&#8220;1\/2&#8243;]<div id=\"cz_18305\" class=\"cz_18305 services clr style1 services_b\"><div class=\"service_custom\"><\/div><div class=\"service_text\"><div class=\"cz_wpe_content\"><div class=\"mk-text-block responsive-align-center \">\n<div style=\"text-align: justify;\"><span lang=\"DE\">Unser Hauptziel ist es, dem Kunden einen <strong>breiten, umfassenden und effizienten Service<\/strong> auf dem Gebiet der Pr\u00e4zisionsmechanik zu bieten. Die kontinuierlichen und neuen Erfahrungen erm\u00f6glichen es uns, bei <strong>allen Behandlungen<\/strong> <strong>schnell<\/strong> auf unterschiedliche Anforderungen zu reagieren.<\/span><\/div>\n<\/div>\n<\/div><\/div><\/div>[\/vc_column_inner][\/vc_row_inner]<div class=\"cz_gap clr  hide_on_tablet hide_on_mobile\" style=\"height: 50px\"><\/div><div class=\"cz_gap show_on_tablet clr \" style=\"height: 25px\"><\/div>[\/vc_column][\/vc_row]<\/p>\n<\/div>","protected":false},"excerpt":{"rendered":"<p>[vc_column_inner &#8230; <\/p>\n","protected":false},"author":2,"featured_media":0,"parent":0,"menu_order":0,"comment_status":"closed","ping_status":"closed","template":"","meta":{"footnotes":""},"class_list":["post-2122","page","type-page","status-publish","hentry"],"_links":{"self":[{"href":"https:\/\/www.tecnometalsrl.eu\/de\/wp-json\/wp\/v2\/pages\/2122","targetHints":{"allow":["GET"]}}],"collection":[{"href":"https:\/\/www.tecnometalsrl.eu\/de\/wp-json\/wp\/v2\/pages"}],"about":[{"href":"https:\/\/www.tecnometalsrl.eu\/de\/wp-json\/wp\/v2\/types\/page"}],"author":[{"embeddable":true,"href":"https:\/\/www.tecnometalsrl.eu\/de\/wp-json\/wp\/v2\/users\/2"}],"replies":[{"embeddable":true,"href":"https:\/\/www.tecnometalsrl.eu\/de\/wp-json\/wp\/v2\/comments?post=2122"}],"version-history":[{"count":0,"href":"https:\/\/www.tecnometalsrl.eu\/de\/wp-json\/wp\/v2\/pages\/2122\/revisions"}],"wp:attachment":[{"href":"https:\/\/www.tecnometalsrl.eu\/de\/wp-json\/wp\/v2\/media?parent=2122"}],"curies":[{"name":"wp","href":"https:\/\/api.w.org\/{rel}","templated":true}]}}