{"id":2148,"date":"2021-02-17T18:10:09","date_gmt":"2021-02-17T17:10:09","guid":{"rendered":"https:\/\/tecnometalsrl.eu\/?page_id=2148"},"modified":"2021-02-17T18:31:44","modified_gmt":"2021-02-17T17:31:44","slug":"maschinenpark","status":"publish","type":"page","link":"https:\/\/www.tecnometalsrl.eu\/de\/maschinenpark\/","title":{"rendered":"Maschinenpark"},"content":{"rendered":"<div class=\"wpb-content-wrapper\"><p>[vc_row][vc_column width=&#8220;1\/3&#8243; el_class=&#8220;cz_sticky_col&#8220;]<div class=\"cz_gap clr  hide_on_tablet hide_on_mobile\" style=\"height: 50px\"><\/div><div class=\"cz_gap show_on_tablet clr \" style=\"height: 0px\"><\/div><div id=\"cz_27890\" class=\"cz_27890 cz_title clr cz_mobile_text_center cz_title_pos_inline\"><div class=\"cz_title_shape shape_text cz_shape_1\">TECHNOLOGIE<\/div><div class=\"cz_title_content\"><div class=\"cz_wpe_content\"><h3><strong><span style=\"font-size: 24px; color: #db002c;\">Mechanische Pr\u00e4zisionsbearbeitungen<\/span><\/strong><\/h3>\n<\/div><\/div><\/div><div id=\"cz_64567\" class=\"cz_64567 cz_title clr cz_mobile_text_center cz_title_pos_inline\"><div class=\"cz_title_content\"><div class=\"cz_wpe_content\"><h3><span style=\"font-size: 50px; color: #12773b;\">Unser Maschinenpark<\/span><\/h3>\n<\/div><\/div><\/div>[\/vc_column][vc_column width=&#8220;2\/3&#8243; css=&#8220;.vc_custom_1576738161671{padding-right: 40px !important;padding-left: 40px !important;}&#8220;]<div class=\"cz_gap clr  hide_on_tablet hide_on_mobile\" style=\"height: 20px\"><\/div><div class=\"cz_gap show_on_tablet clr \" style=\"height: 50px\"><\/div><div id=\"cz_17652\" class=\"cz_17652 cz_title clr cz_mobile_text_center cz_title_pos_inline\"><div class=\"cz_title_content\"><div class=\"cz_wpe_content\"><p style=\"text-align: justify;\"><span style=\"color: #666666; font-size: 18px;\"><strong>Tecnometal <\/strong>nutzt einen <strong>Maschinenpark<\/strong> renommierter <strong>f\u00fchrender Marken im Bereich der automatischen Drehung<\/strong> und verschiedener automatischer Maschinen.<br \/>\nDer Einsatz <strong>moderner Technologien<\/strong>, Maschinen und Werkzeuge, die stets fortgeschritten und zeitgem\u00e4\u00df sind, sowie <strong>spezialisiertes Personal<\/strong> erm\u00f6glichen es uns, alle Anforderungen in Bezug auf <strong>Pr\u00e4zisionsmechanik<\/strong> zu erf\u00fcllen. Dadurch k\u00f6nnen wir unseren Kunden <strong>Produkte anbieten, die mit gr\u00f6\u00dfter Pr\u00e4zision<\/strong> und einer starken Reduzierung der Bearbeitungszeiten hergestellt werden.<br \/>\nDie erstklassige Qualit\u00e4t des Produkts, die <strong>schnellen Lieferzeiten<\/strong>, die Preise und die verschiedenen angebotenen Dienstleistungen machen unseren Betrieb zu einem <strong>seri\u00f6sen und zuverl\u00e4ssigen Partner<\/strong>.<strong><br \/>\n<\/strong><\/span><\/p>\n<\/div><\/div><\/div>[\/vc_column][\/vc_row][vc_row][vc_column el_class=&#8220;cz_sticky_col&#8220; css=&#8220;.vc_custom_1611590304522{border-top-width: 2px !important;border-right-width: 2px !important;border-bottom-width: 2px !important;border-left-width: 2px !important;padding-top: 25px !important;padding-right: 25px !important;padding-bottom: 25px !important;padding-left: 25px !important;background-color: #f9f9f9 !important;border-left-color: #eeeeee !important;border-left-style: solid !important;border-right-color: #eeeeee !important;border-right-style: solid !important;border-top-color: #eeeeee !important;border-top-style: solid !important;border-bottom-color: #eeeeee !important;border-bottom-style: solid !important;border-radius: 5px !important;}&#8220;]<div id=\"cz_68698\" class=\"cz_68698 cz_title clr cz_mobile_text_center cz_title_pos_center\"><div class=\"cz_title_shape shape_text cz_shape_1\">TECHNOLOGIE<\/div><div class=\"cz_title_content\"><div class=\"cz_wpe_content\"><h3><strong><span style=\"font-size: 24px;\">DER MASCHINENPARK VON TECNOMETAL UMFASST<\/span><\/strong><\/h3>\n<\/div><\/div><\/div><div class=\"clr\"><ul id=\"cz_81516\" class=\"cz_81516 cz_stylish_list clr cz_sl_icon_hover_wobble\"><li class=\"clr\"><div class=\"cz_sl_icon\"><i class=\"fa czico-017-arrows-9 mr10\"><\/i><\/div><div><span>1 Nakamura WT150 Drehmaschine Stangendurchgang D65<\/span><\/div><\/li><li class=\"clr\"><div class=\"cz_sl_icon\"><i class=\"fa czico-017-arrows-9 mr10\"><\/i><\/div><div><span>1 Nakamura WT100 Drehmaschine Stangendurchgang D42<\/span><\/div><\/li><li class=\"clr\"><div class=\"cz_sl_icon\"><i class=\"fa czico-017-arrows-9 mr10\"><\/i><\/div><div><span>2 Nakamura WT100 Drehmaschinen Stangendurchgang D51 und D65<\/span><\/div><\/li><li class=\"clr\"><div class=\"cz_sl_icon\"><i class=\"fa czico-017-arrows-9 mr10\"><\/i><\/div><div><span>2 Citizen L32 Drehmaschinen mit beweglichem Spindelstock Stangendurchgang D32<\/span><\/div><\/li><li class=\"clr\"><div class=\"cz_sl_icon\"><i class=\"fa czico-017-arrows-9 mr10\"><\/i><\/div><div><span>1 Citizen C32 Drehmaschine mit beweglichem Spindelstock Stangendurchgang D32<\/span><\/div><\/li><li class=\"clr\"><div class=\"cz_sl_icon\"><i class=\"fa czico-017-arrows-9 mr10\"><\/i><\/div><div><span>1 Citizen M32 Drehmaschine mit beweglichem Spindelstock Stangendurchgang D32<\/span><\/div><\/li><li class=\"clr\"><div class=\"cz_sl_icon\"><i class=\"fa czico-017-arrows-9 mr10\"><\/i><\/div><div><span>1 TSUGAMI  BO 38 Drehmaschine Stangendurchgang D38<\/span><\/div><\/li><li class=\"clr\"><div class=\"cz_sl_icon\"><i class=\"fa czico-017-arrows-9 mr10\"><\/i><\/div><div><span>3 Citizen L20 Drehmaschinen mit beweglichem Spindelstock Stangendurchgang D20<\/span><\/div><\/li><li class=\"clr\"><div class=\"cz_sl_icon\"><i class=\"fa czico-017-arrows-9 mr10\"><\/i><\/div><div><span>1 MIYANO  BNA 42 MSY Drehmaschine Stangendurchgang D42<\/span><\/div><\/li><li class=\"clr\"><div class=\"cz_sl_icon\"><i class=\"fa czico-017-arrows-9 mr10\"><\/i><\/div><div><span>1 TSUGAMI  BO 326 Drehmaschine Stangendurchgang D32<\/span><\/div><\/li><li class=\"clr\"><div class=\"cz_sl_icon\"><i class=\"fa czico-017-arrows-9 mr10\"><\/i><\/div><div><span>1 TSUGAMI  BO 226 Drehmaschine Stangendurchgang D26<\/span><\/div><\/li><li class=\"clr\"><div class=\"cz_sl_icon\"><i class=\"fa czico-017-arrows-9 mr10\"><\/i><\/div><div><span>1 TSUGAMI  BO 226E II Drehmaschine Stangendurchgang D26<\/span><\/div><\/li><\/ul><\/div>[\/vc_column][\/vc_row][vc_row][vc_column]<div class=\"cz_gap clr  hide_on_tablet hide_on_mobile\" style=\"height: 50px\"><\/div><div class=\"cz_gap show_on_tablet clr \" style=\"height: 25px\"><\/div><div id=\"cz_35394\" class=\"cz_35394 cz_title clr cz_mobile_text_center cz_title_pos_center\"><div class=\"cz_title_shape shape_text cz_shape_1\">MASCHINEN<\/div><div class=\"cz_title_content\"><div class=\"cz_wpe_content\"><h3><span style=\"color: #db002c;\"><strong><span style=\"font-size: 24px;\">EINIGE UNSERER MASCHINEN<\/span><\/strong><\/span><\/h3>\n<\/div><\/div><\/div><div class=\"cz_gap clr  hide_on_tablet hide_on_mobile\" style=\"height: 50px\"><\/div><div class=\"cz_gap show_on_tablet clr \" style=\"height: 25px\"><\/div>[\/vc_column][\/vc_row][vc_row equal_height=&#8220;yes&#8220; content_placement=&#8220;middle&#8220;][vc_column width=&#8220;1\/2&#8243;][vc_single_image image=&#8220;1793&#8243; img_size=&#8220;full&#8220;][\/vc_column][vc_column width=&#8220;1\/2&#8243;]<div id=\"cz_75436\" class=\"cz_75436 cz_title clr cz_mobile_text_center cz_title_pos_inline\"><div class=\"cz_title_content\"><div class=\"cz_wpe_content\"><h3><span style=\"color: #12773b;\">Drehzentrum Nakamura Tome WT 150<\/span><\/h3>\n<\/div><\/div><\/div><div class=\"cz_gap clr \" style=\"height: 20px\"><\/div>[vc_separator]<div id=\"cz_63242\" class=\"cz_63242 cz_title clr cz_mobile_text_center cz_title_pos_inline\"><div class=\"cz_title_content\"><div class=\"cz_wpe_content\"><p style=\"text-align: justify;\"><span style=\"font-size: 16px; color: #8b8b8b;\">Das Drehzentrum WT-150 mit oberer Y-Achse ist eine flexible Maschine, die f\u00fcr unterschiedliche Produktionsanforderungen geeignet ist. Das gleichzeitige Schneiden mit oberen und unteren Werkzeugen auf gegen\u00fcberliegenden L\/R-Spindeln sorgt f\u00fcr ausgeglichene Prozesse und schnellere Zykluszeiten. <\/span><\/p>\n<p style=\"text-align: justify;\"><span style=\"font-size: 16px; color: #8b8b8b;\">Dank seiner gro\u00dfen Flachf\u00fchrungen ist es ideal f\u00fcr die Bearbeitung komplexer Werkst\u00fccke mit ausgeglichenen Zeiten und verf\u00fcgt \u00fcber einen Stangendurchgang von bis zu 65 mm.<\/span><\/p>\n<\/div><\/div><\/div><div class=\"cz_gap clr \" style=\"height: 20px\"><\/div>[vc_separator][\/vc_column][\/vc_row][vc_row full_width=&#8220;stretch_row&#8220; equal_height=&#8220;yes&#8220; content_placement=&#8220;middle&#8220; css=&#8220;.vc_custom_1611592572912{padding-top: 25px !important;padding-bottom: 25px !important;background-color: #f9f9f9 !important;}&#8220;][vc_column width=&#8220;1\/2&#8243;]<div id=\"cz_51654\" class=\"cz_51654 cz_title clr cz_mobile_text_center cz_title_pos_inline\"><div class=\"cz_title_content\"><div class=\"cz_wpe_content\"><h3><span style=\"color: #12773b;\">Drehzentrum Nakamura Tome WT 100<\/span><\/h3>\n<\/div><\/div><\/div><div class=\"cz_gap clr \" style=\"height: 20px\"><\/div>[vc_separator]<div id=\"cz_25447\" class=\"cz_25447 cz_title clr cz_mobile_text_center cz_title_pos_inline\"><div class=\"cz_title_content\"><div class=\"cz_wpe_content\"><p style=\"text-align: justify;\"><span style=\"font-size: 16px; color: #8b8b8b;\"><strong>Das Drehzentrum WT-100<\/strong> mit oberer Y-Achse ist eine flexible Maschine, die f\u00fcr unterschiedliche Produktionsanforderungen geeignet ist. Das gleichzeitige Schneiden mit oberen und unteren Werkzeugen auf gegen\u00fcberliegenden L\/R-Spindeln sorgt f\u00fcr ausgeglichene Prozesse und schnellere Zykluszeiten. <\/span><\/p>\n<\/div><\/div><\/div><div class=\"cz_gap clr \" style=\"height: 20px\"><\/div><div id=\"cz_35583\" class=\"cz_35583 cz_title clr cz_mobile_text_center cz_title_pos_inline\"><div class=\"cz_title_content\"><div class=\"cz_wpe_content\"><p style=\"text-align: justify;\"><span style=\"font-size: 16px; color: #8b8b8b;\">Dank seiner gro\u00dfen Flachf\u00fchrungen ist es ideal f\u00fcr die Bearbeitung komplexer Werkst\u00fccke mit ausgeglichenen Zeiten und verf\u00fcgt \u00fcber einen Stangendurchgang von bis zu 42 mm.<\/span><\/p>\n<\/div><\/div><\/div><div class=\"cz_gap clr \" style=\"height: 20px\"><\/div>[vc_separator][\/vc_column][vc_column width=&#8220;1\/2&#8243;][vc_single_image image=&#8220;1811&#8243; img_size=&#8220;full&#8220; css=&#8220;.vc_custom_1611592602833{border-top-width: 1px !important;border-right-width: 1px !important;border-bottom-width: 1px !important;border-left-width: 1px !important;border-left-color: #ffffff !important;border-left-style: solid !important;border-right-color: #ffffff !important;border-right-style: solid !important;border-top-color: #ffffff !important;border-top-style: solid !important;border-bottom-color: #ffffff !important;border-bottom-style: solid !important;border-radius: 2px !important;}&#8220;][\/vc_column][\/vc_row][vc_row equal_height=&#8220;yes&#8220; content_placement=&#8220;middle&#8220; css=&#8220;.vc_custom_1611592688165{padding-top: 25px !important;padding-bottom: 25px !important;}&#8220;][vc_column width=&#8220;1\/2&#8243;]<div id=\"cz_102836\" class=\"cz_102836 cz_title clr cz_mobile_text_center cz_title_pos_inline tac\"><div class=\"cz_title_content\"><div class=\"cz_wpe_content\"><h3 style=\"text-align: center;\"><span style=\"color: #12773b;\">Drehmaschine mit numerischer Steuerung<br \/>\nmit beweglichem Spindelstock CITIZEN M32<\/span><\/h3>\n<\/div><\/div><\/div><div class=\"cz_gap clr \" style=\"height: 20px\"><\/div>[vc_separator][vc_single_image image=&#8220;1820&#8243; img_size=&#8220;full&#8220;][\/vc_column][vc_column width=&#8220;1\/2&#8243;]<div id=\"cz_14755\" class=\"cz_14755 cz_title clr cz_mobile_text_center cz_title_pos_inline tac\"><div class=\"cz_title_content\"><div class=\"cz_wpe_content\"><h3 style=\"text-align: center;\"><span style=\"color: #12773b;\">Drehmaschine mit numerischer<br \/>\nSteuerung CITIZEN L32<\/span><\/h3>\n<\/div><\/div><\/div><div class=\"cz_gap clr \" style=\"height: 20px\"><\/div>[vc_separator][vc_single_image image=&#8220;1821&#8243; img_size=&#8220;full&#8220;][\/vc_column][\/vc_row][vc_row full_width=&#8220;stretch_row&#8220; equal_height=&#8220;yes&#8220; content_placement=&#8220;middle&#8220; css=&#8220;.vc_custom_1611592572912{padding-top: 25px !important;padding-bottom: 25px !important;background-color: #f9f9f9 !important;}&#8220;][vc_column width=&#8220;1\/2&#8243;]<div id=\"cz_39394\" class=\"cz_39394 cz_title clr cz_mobile_text_center cz_title_pos_inline tac\"><div class=\"cz_title_content\"><div class=\"cz_wpe_content\"><h3 style=\"text-align: center;\"><span style=\"color: #12773b;\">Waschmaschine IFP<\/span><\/h3>\n<\/div><\/div><\/div><div class=\"cz_gap clr \" style=\"height: 20px\"><\/div>[vc_separator][vc_single_image image=&#8220;1818&#8243; img_size=&#8220;full&#8220;][\/vc_column][vc_column width=&#8220;1\/2&#8243;]<div id=\"cz_36669\" class=\"cz_36669 cz_title clr cz_mobile_text_center cz_title_pos_inline tac\"><div class=\"cz_title_content\"><div class=\"cz_wpe_content\"><h3 style=\"text-align: center;\"><span style=\"color: #12773b;\">Profilprojektoren Tesa Scope 335H<\/span><\/h3>\n<\/div><\/div><\/div><div class=\"cz_gap clr \" style=\"height: 20px\"><\/div>[vc_separator][vc_single_image image=&#8220;1819&#8243; img_size=&#8220;full&#8220;][\/vc_column][\/vc_row]<\/p>\n<\/div>","protected":false},"excerpt":{"rendered":"<p>[vc_column el_class=&#8220;cz_sticky_col&#8220; css=&#8220;.vc_custom_1611590304522{border-top-width: 2px !important;border-right-width: 2px !important;border-bottom-width: 2px !important;border-left-width: 2px !important;padding-top: &#8230; <\/p>\n","protected":false},"author":2,"featured_media":0,"parent":0,"menu_order":0,"comment_status":"closed","ping_status":"closed","template":"","meta":{"footnotes":""},"class_list":["post-2148","page","type-page","status-publish","hentry"],"_links":{"self":[{"href":"https:\/\/www.tecnometalsrl.eu\/de\/wp-json\/wp\/v2\/pages\/2148","targetHints":{"allow":["GET"]}}],"collection":[{"href":"https:\/\/www.tecnometalsrl.eu\/de\/wp-json\/wp\/v2\/pages"}],"about":[{"href":"https:\/\/www.tecnometalsrl.eu\/de\/wp-json\/wp\/v2\/types\/page"}],"author":[{"embeddable":true,"href":"https:\/\/www.tecnometalsrl.eu\/de\/wp-json\/wp\/v2\/users\/2"}],"replies":[{"embeddable":true,"href":"https:\/\/www.tecnometalsrl.eu\/de\/wp-json\/wp\/v2\/comments?post=2148"}],"version-history":[{"count":0,"href":"https:\/\/www.tecnometalsrl.eu\/de\/wp-json\/wp\/v2\/pages\/2148\/revisions"}],"wp:attachment":[{"href":"https:\/\/www.tecnometalsrl.eu\/de\/wp-json\/wp\/v2\/media?parent=2148"}],"curies":[{"name":"wp","href":"https:\/\/api.w.org\/{rel}","templated":true}]}}