{"id":2161,"date":"2021-02-17T18:22:08","date_gmt":"2021-02-17T17:22:08","guid":{"rendered":"https:\/\/tecnometalsrl.eu\/?page_id=2161"},"modified":"2021-02-17T18:32:06","modified_gmt":"2021-02-17T17:32:06","slug":"kontakt","status":"publish","type":"page","link":"https:\/\/www.tecnometalsrl.eu\/de\/kontakt\/","title":{"rendered":"Kontakt"},"content":{"rendered":"<div class=\"wpb-content-wrapper\"><p>[vc_row full_width=&#8220;stretch_row_content_no_spaces&#8220; css=&#8220;.vc_custom_1611587291902{margin-top: -80px !important;}&#8220;][vc_column][vc_gmaps link=&#8220;#E-8_JTNDaWZyYW1lJTIwc3JjJTNEJTIyaHR0cHMlM0ElMkYlMkZ3d3cuZ29vZ2xlLmNvbSUyRm1hcHMlMkZlbWJlZCUzRnBiJTNEJTIxMW0xNCUyMTFtOCUyMTFtMyUyMTFkMjI0MTQuMDE2OTIwNDI4MzEyJTIxMmQxMS43NTkzOTYlMjEzZDQ1LjM5NDE3MSUyMTNtMiUyMTFpMTAyNCUyMTJpNzY4JTIxNGYxMy4xJTIxM20zJTIxMW0yJTIxMXMweDAlMjUzQTB4MzhjZDMyYjQzMWFhODc3MCUyMTJzVGVjbm9tZXRhbCUyNTIwU3JsJTIxNWUwJTIxM20yJTIxMXNpdCUyMTJzaXQlMjE0djE2MTE1ODIyMTc0MDclMjE1bTIlMjExc2l0JTIxMnNpdCUyMiUyMHdpZHRoJTNEJTIyNjAwJTIyJTIwaGVpZ2h0JTNEJTIyNDUwJTIyJTIwZnJhbWVib3JkZXIlM0QlMjIwJTIyJTIwc3R5bGUlM0QlMjJib3JkZXIlM0EwJTNCJTIyJTIwYWxsb3dmdWxsc2NyZWVuJTNEJTIyJTIyJTIwYXJpYS1oaWRkZW4lM0QlMjJmYWxzZSUyMiUyMHRhYmluZGV4JTNEJTIyMCUyMiUzRSUzQyUyRmlmcmFtZSUzRQ==&#8220;][\/vc_column][\/vc_row][vc_row][vc_column]<div class=\"cz_gap clr  hide_on_mobile\" style=\"height: 50px\"><\/div><div class=\"cz_gap show_on_mobile clr\" style=\"height: 0px\"><\/div>[\/vc_column][\/vc_row][vc_row][vc_column width=&#8220;1\/2&#8243;]<div id=\"cz_46846\" class=\"cz_46846 cz_title clr cz_mobile_text_center cz_title_pos_inline\"><div class=\"cz_title_shape shape_text cz_shape_1\">KONTAKT<\/div><div class=\"cz_title_content\"><div class=\"cz_wpe_content\"><h3><strong><span style=\"color: #12773b;\"><span style=\"font-size: 24px;\">Wir stehen stets zu Ihrer Verf\u00fcgung<\/span><\/span><\/strong><\/h3>\n<\/div><\/div><\/div><div id=\"cz_24546\" class=\"cz_24546 cz_title clr cz_mobile_text_center cz_title_pos_inline\"><div class=\"cz_title_content\"><div class=\"cz_wpe_content\"><h3><span style=\"font-size: 50px; color: #db002c;\">Kontaktieren Sie uns<\/span><\/h3>\n<\/div><\/div><\/div><div id=\"cz_77055\" class=\"cz_77055 cz_title clr cz_mobile_text_center cz_title_pos_inline\"><div class=\"cz_title_content\"><div class=\"cz_wpe_content\"><h3><span style=\"color: #000001;\"><strong>F\u00fcllen Sie das Formular mit Ihren W\u00fcnschen aus.<\/strong><\/span><\/h3>\n<\/div><\/div><\/div><div class=\"cz_gap clr \" style=\"height: 50px\"><\/div>[vc_separator][vc_single_image image=&#8220;1529&#8243; img_size=&#8220;medium&#8220;]<div class=\"clr\"><ul id=\"cz_77269\" class=\"cz_77269 cz_stylish_list clr cz_sl_icon_hover_zoom_in\"><li class=\"clr\"><a href=\"tel:+390498016140\"><div class=\"cz_sl_icon\"><i class=\"fa czico-123-call mr10\"><\/i><\/div><div><span>Telefon: +39 <b>049 8016140<\/b><\/span><\/div><\/a><\/li><li class=\"clr\"><a href=\"mailto:info@tecnometalsrl.eu\"><div class=\"cz_sl_icon\"><i class=\"fa czico-010-support mr10\"><\/i><\/div><div><span>Email: <b>info@tecnometalsrl.eu<\/b><\/span><\/div><\/a><\/li><li class=\"clr\"><a href=\"https:\/\/www.google.com\/maps?ll=45.394171,11.759396&amp;z=14&amp;t=m&amp;hl=it-IT&amp;gl=IT&amp;mapclient=embed&amp;cid=4092983385858410352\" target=\"_blank\" rel=\"nofollow noopener\"><div class=\"cz_sl_icon\"><i class=\"fa czico-082-maps-and-flags mr10\"><\/i><\/div><div><span>Adresse: Via Enrico Mattei, 2<br>35030 <b>Saccolongo (PD)<\/b> Italy<\/span><\/div><\/a><\/li><\/ul><\/div><div class=\"cz_gap clr \" style=\"height: 20px\"><\/div>[vc_separator]<div class=\"cz_gap show_on_tablet clr  show_only_tablet\" style=\"height: 75px\"><\/div><div class=\"cz_gap show_on_mobile clr\" style=\"height: 0px\"><\/div>[\/vc_column][vc_column width=&#8220;1\/2&#8243;]<div class=\"cz_eqh cz_content_box_parent_fx  \"><div id=\"cz_81901\" class=\"cz_81901 cz_content_box clr\"><div class=\"cz_box_front clr\"><div class=\"cz_box_front_inner clr \"><span><\/span><div><div id=\"cz_22935\" class=\"cz_22935 cz_cf7 clr\"><div>\n<div class=\"wpcf7 no-js\" id=\"wpcf7-f2169-o1\" lang=\"it-IT\" dir=\"ltr\" data-wpcf7-id=\"2169\">\n<div class=\"screen-reader-response\"><p role=\"status\" aria-live=\"polite\" aria-atomic=\"true\"><\/p> <ul><\/ul><\/div>\n<form action=\"\/de\/wp-json\/wp\/v2\/pages\/2161#wpcf7-f2169-o1\" method=\"post\" class=\"wpcf7-form init\" aria-label=\"Modulo di contatto\" novalidate=\"novalidate\" data-status=\"init\">\n<fieldset class=\"hidden-fields-container\"><input type=\"hidden\" name=\"_wpcf7\" value=\"2169\" \/><input type=\"hidden\" name=\"_wpcf7_version\" value=\"6.1.5\" \/><input type=\"hidden\" name=\"_wpcf7_locale\" value=\"it_IT\" \/><input type=\"hidden\" name=\"_wpcf7_unit_tag\" value=\"wpcf7-f2169-o1\" \/><input type=\"hidden\" name=\"_wpcf7_container_post\" value=\"0\" \/><input type=\"hidden\" name=\"_wpcf7_posted_data_hash\" value=\"\" \/>\n<\/fieldset>\n<p><span class=\"wpcf7-form-control-wrap\" data-name=\"your-name\"><input size=\"40\" maxlength=\"400\" class=\"wpcf7-form-control wpcf7-text wpcf7-validates-as-required\" aria-required=\"true\" aria-invalid=\"false\" placeholder=\"Name und Nachname\" value=\"\" type=\"text\" name=\"your-name\" \/><\/span>\n<\/p>\n<p><span class=\"wpcf7-form-control-wrap\" data-name=\"city\"><input size=\"40\" maxlength=\"400\" class=\"wpcf7-form-control wpcf7-text wpcf7-validates-as-required\" aria-required=\"true\" aria-invalid=\"false\" placeholder=\"Stadt und Land\" value=\"\" type=\"text\" name=\"city\" \/><\/span>\n<\/p>\n<p><span class=\"wpcf7-form-control-wrap\" data-name=\"telefono\"><input size=\"40\" maxlength=\"400\" class=\"wpcf7-form-control wpcf7-tel wpcf7-validates-as-required wpcf7-text wpcf7-validates-as-tel\" aria-required=\"true\" aria-invalid=\"false\" placeholder=\"Telefon\" value=\"\" type=\"tel\" name=\"telefono\" \/><\/span>\n<\/p>\n<p><span class=\"wpcf7-form-control-wrap\" data-name=\"your-email\"><input size=\"40\" maxlength=\"400\" class=\"wpcf7-form-control wpcf7-email wpcf7-validates-as-required wpcf7-text wpcf7-validates-as-email\" aria-required=\"true\" aria-invalid=\"false\" placeholder=\"E-mail Adresse\" value=\"\" type=\"email\" name=\"your-email\" \/><\/span>\n<\/p>\n<p><span class=\"wpcf7-form-control-wrap\" data-name=\"Azienda\"><input size=\"40\" maxlength=\"400\" class=\"wpcf7-form-control wpcf7-text wpcf7-validates-as-required\" aria-required=\"true\" aria-invalid=\"false\" placeholder=\"Firma\" value=\"\" type=\"text\" name=\"Azienda\" \/><\/span>\n<\/p>\n<p><span class=\"wpcf7-form-control-wrap\" data-name=\"your-subject\"><input size=\"40\" maxlength=\"400\" class=\"wpcf7-form-control wpcf7-text wpcf7-validates-as-required\" aria-required=\"true\" aria-invalid=\"false\" placeholder=\"Betreff\" value=\"\" type=\"text\" name=\"your-subject\" \/><\/span>\n<\/p>\n<p><span class=\"wpcf7-form-control-wrap\" data-name=\"your-message\"><textarea cols=\"40\" rows=\"10\" maxlength=\"2000\" class=\"wpcf7-form-control wpcf7-textarea wpcf7-validates-as-required\" aria-required=\"true\" aria-invalid=\"false\" placeholder=\"Nachricht\" name=\"your-message\"><\/textarea><\/span>\n<\/p>\n<p><small><br \/>\nEinverst\u00e4ndniserkl\u00e4rung. Gem\u00e4\u00df der Europ\u00e4ischen Verordnung 2016\/679 (Artikel 13) erkl\u00e4re ich, dass ich die Datenschutzrichtlinie gelesen habe und der Verarbeitung meiner personenbezogenen Daten f\u00fcr die darin angegebenen Zwecke zustimme <b><a href=\"https:\/\/www.iubenda.com\/privacy-policy\/96155968\" class=\"iubenda-nostyle no-brand iubenda-embed\" title=\"Privacy Policy \" rel=\"nofollow noopener\" target=\"_blank\">Privacy Policy<\/a><script type=\"text\/javascript\">(function (w,d) {var loader = function () {var s = d.createElement(\"script\"), tag = d.getElementsByTagName(\"script\")[0]; s.src=\"https:\/\/cdn.iubenda.com\/iubenda.js\"; tag.parentNode.insertBefore(s,tag);}; if(w.addEventListener){w.addEventListener(\"load\", loader, false);}else if(w.attachEvent){w.attachEvent(\"onload\", loader);}else{w.onload = loader;}})(window, document);<\/script><\/b><\/small><span class=\"wpcf7-form-control-wrap\" data-name=\"checkbox-560\"><span class=\"wpcf7-form-control wpcf7-checkbox wpcf7-validates-as-required\"><span class=\"wpcf7-list-item first last\"><span class=\"wpcf7-list-item-label\">Ich akzeptiere.<\/span><input type=\"checkbox\" name=\"checkbox-560[]\" value=\"Ich akzeptiere.\" \/><\/span><\/span><\/span>\n<\/p>\n<div class=\"cf7-cf-turnstile\" style=\"margin-top: 0px; margin-bottom: -15px;\"> <div id=\"cf-turnstile-cf7-2750002338\" class=\"cf-turnstile\" data-callback=\"turnstileCF7Callback\" data-sitekey=\"0x4AAAAAABxzWi1xt_KbBZOa\" data-theme=\"light\" data-language=\"auto\" data-size=\"normal\" data-retry=\"auto\" data-retry-interval=\"1000\" data-refresh-expired=\"auto\" data-action=\"contact-form-7\" data-appearance=\"always\"><\/div> <style>.wpcf7-submit { pointer-events: none; opacity: 0.5; }<\/style> <script>document.addEventListener(\"DOMContentLoaded\", function() { setTimeout(function(){ var e=document.getElementById(\"cf-turnstile-cf7-2750002338\"); e&&!e.innerHTML.trim()&&(turnstile.remove(\"#cf-turnstile-cf7-2750002338\"), turnstile.render(\"#cf-turnstile-cf7-2750002338\", {sitekey:\"0x4AAAAAABxzWi1xt_KbBZOa\"})); }, 100); });<\/script> <br class=\"cf-turnstile-br cf-turnstile-br-cf7-2750002338\"> <style>#cf-turnstile-cf7-2750002338 { margin-left: -15px; }<\/style> <script>document.addEventListener(\"DOMContentLoaded\",function(){document.querySelectorAll('.wpcf7-form').forEach(function(e){e.addEventListener('submit',function(){if(document.getElementById('cf-turnstile-cf7-2750002338')){setTimeout(function(){turnstile.reset('#cf-turnstile-cf7-2750002338');},1000)}})})});<\/script> <\/div><br\/><input class=\"wpcf7-form-control wpcf7-submit has-spinner\" type=\"submit\" value=\"Senden\" \/>\n<\/p><p style=\"display: none !important;\" class=\"akismet-fields-container\" data-prefix=\"_wpcf7_ak_\"><label>&#916;<textarea name=\"_wpcf7_ak_hp_textarea\" cols=\"45\" rows=\"8\" maxlength=\"100\"><\/textarea><\/label><input type=\"hidden\" id=\"ak_js_1\" name=\"_wpcf7_ak_js\" value=\"114\"\/><script>document.getElementById( \"ak_js_1\" ).setAttribute( \"value\", ( new Date() ).getTime() );<\/script><\/p><div class=\"wpcf7-response-output\" aria-hidden=\"true\"><\/div>\n<\/form>\n<\/div>\n<\/div><\/div><\/div><\/div><\/div><\/div><\/div>[\/vc_column][\/vc_row][vc_row][vc_column]<div class=\"cz_gap clr  hide_on_mobile\" style=\"height: 50px\"><\/div><div class=\"cz_gap show_on_mobile clr\" style=\"height: 0px\"><\/div><div id=\"cz_107951\" class=\"cz_grid_p cz_107951\"><div class=\"cz_grid cz_grid_1 clr cz_grid_c6 cz_grid_1_no_title cz_grid_1_mid tac cz_grid_1_no_title\" data-gap=\"10\"><div class=\"cz_grid_item cz_grid_first\"><\/div><div class=\"cz_grid_item \"><div data-title=\"Barre in acciaio\"><a class=\"cz_grid_link \" href=\"https:\/\/www.tecnometalsrl.eu\/wp-content\/uploads\/2021\/01\/Barre-in-acciaio.jpg\" data-xtra-lightbox><img decoding=\"async\" width=\"600\" height=\"600\" src=\"https:\/\/www.tecnometalsrl.eu\/wp-content\/uploads\/2021\/01\/Barre-in-acciaio-600x600.jpg\" class=\"attachment-codevz_600_600\" alt=\"Barre in acciaio\" srcset=\"https:\/\/www.tecnometalsrl.eu\/wp-content\/uploads\/2021\/01\/Barre-in-acciaio-600x600.jpg 600w, https:\/\/www.tecnometalsrl.eu\/wp-content\/uploads\/2021\/01\/Barre-in-acciaio-150x150.jpg 150w\" sizes=\"auto, (max-width: 600px) 100vw, 600px\" loading=\"lazy\" title=\"\"><div class=\"cz_grid_details\"><i class=\"fa fa-search cz_grid_icon\"><\/i><\/div><\/a><\/div><\/div><div class=\"cz_grid_item \"><div data-title=\"Fresatura\"><a class=\"cz_grid_link \" href=\"https:\/\/www.tecnometalsrl.eu\/wp-content\/uploads\/2021\/01\/Fresatura.jpg\" data-xtra-lightbox><img decoding=\"async\" width=\"600\" height=\"600\" src=\"https:\/\/www.tecnometalsrl.eu\/wp-content\/uploads\/2021\/01\/Fresatura-600x600.jpg\" class=\"attachment-codevz_600_600\" alt=\"Fresatura di precisione Padova Vicenza Verona\" title=\"Fresatura\" srcset=\"https:\/\/www.tecnometalsrl.eu\/wp-content\/uploads\/2021\/01\/Fresatura-600x600.jpg 600w, https:\/\/www.tecnometalsrl.eu\/wp-content\/uploads\/2021\/01\/Fresatura-150x150.jpg 150w\" sizes=\"auto, (max-width: 600px) 100vw, 600px\" loading=\"lazy\" \/><div class=\"cz_grid_details\"><i class=\"fa fa-search cz_grid_icon\"><\/i><\/div><\/a><\/div><\/div><div class=\"cz_grid_item \"><div data-title=\"Sistema di controllo pezzi a laser\"><a class=\"cz_grid_link \" href=\"https:\/\/www.tecnometalsrl.eu\/wp-content\/uploads\/2021\/02\/sistema-di-controllo-pezzi-a-laser.jpg\" data-xtra-lightbox><img decoding=\"async\" width=\"600\" height=\"600\" src=\"https:\/\/www.tecnometalsrl.eu\/wp-content\/uploads\/2021\/02\/sistema-di-controllo-pezzi-a-laser-600x600.jpg\" class=\"attachment-codevz_600_600\" alt=\"Sistema di controllo pezzi a laser\" srcset=\"https:\/\/www.tecnometalsrl.eu\/wp-content\/uploads\/2021\/02\/sistema-di-controllo-pezzi-a-laser-600x600.jpg 600w, https:\/\/www.tecnometalsrl.eu\/wp-content\/uploads\/2021\/02\/sistema-di-controllo-pezzi-a-laser-150x150.jpg 150w\" sizes=\"auto, (max-width: 600px) 100vw, 600px\" loading=\"lazy\" title=\"\"><div class=\"cz_grid_details\"><i class=\"fa fa-search cz_grid_icon\"><\/i><\/div><\/a><\/div><\/div><div class=\"cz_grid_item \"><div data-title=\"Rettifica\"><a class=\"cz_grid_link \" href=\"https:\/\/www.tecnometalsrl.eu\/wp-content\/uploads\/2021\/01\/Rettifica.jpg\" data-xtra-lightbox><img decoding=\"async\" width=\"600\" height=\"600\" src=\"https:\/\/www.tecnometalsrl.eu\/wp-content\/uploads\/2021\/01\/Rettifica-600x600.jpg\" class=\"attachment-codevz_600_600\" alt=\"Rettifica\" srcset=\"https:\/\/www.tecnometalsrl.eu\/wp-content\/uploads\/2021\/01\/Rettifica-600x600.jpg 600w, https:\/\/www.tecnometalsrl.eu\/wp-content\/uploads\/2021\/01\/Rettifica-150x150.jpg 150w\" sizes=\"auto, (max-width: 600px) 100vw, 600px\" loading=\"lazy\" title=\"\"><div class=\"cz_grid_details\"><i class=\"fa fa-search cz_grid_icon\"><\/i><\/div><\/a><\/div><\/div><div class=\"cz_grid_item \"><div data-title=\"Prodotti finiti\"><a class=\"cz_grid_link \" href=\"https:\/\/www.tecnometalsrl.eu\/wp-content\/uploads\/2021\/01\/Prodotti.jpg\" data-xtra-lightbox><img decoding=\"async\" width=\"600\" height=\"600\" src=\"https:\/\/www.tecnometalsrl.eu\/wp-content\/uploads\/2021\/01\/Prodotti-600x600.jpg\" class=\"attachment-codevz_600_600\" alt=\"Prodotti finiti\" srcset=\"https:\/\/www.tecnometalsrl.eu\/wp-content\/uploads\/2021\/01\/Prodotti-600x600.jpg 600w, https:\/\/www.tecnometalsrl.eu\/wp-content\/uploads\/2021\/01\/Prodotti-150x150.jpg 150w\" sizes=\"auto, (max-width: 600px) 100vw, 600px\" loading=\"lazy\" title=\"\"><div class=\"cz_grid_details\"><i class=\"fa fa-search cz_grid_icon\"><\/i><\/div><\/a><\/div><\/div><div class=\"cz_grid_item \"><div data-title=\"Cromatura pezzi\"><a class=\"cz_grid_link \" href=\"https:\/\/www.tecnometalsrl.eu\/wp-content\/uploads\/2021\/01\/Cromatura-pezzi.jpg\" data-xtra-lightbox><img decoding=\"async\" width=\"600\" height=\"600\" src=\"https:\/\/www.tecnometalsrl.eu\/wp-content\/uploads\/2021\/01\/Cromatura-pezzi-600x600.jpg\" class=\"attachment-codevz_600_600\" alt=\"Cromatura pezzi\" srcset=\"https:\/\/www.tecnometalsrl.eu\/wp-content\/uploads\/2021\/01\/Cromatura-pezzi-600x600.jpg 600w, https:\/\/www.tecnometalsrl.eu\/wp-content\/uploads\/2021\/01\/Cromatura-pezzi-150x150.jpg 150w\" sizes=\"auto, (max-width: 600px) 100vw, 600px\" loading=\"lazy\" title=\"\"><div class=\"cz_grid_details\"><i class=\"fa fa-search cz_grid_icon\"><\/i><\/div><\/a><\/div><\/div><\/div><\/div><div class=\"cz_gap clr  hide_on_mobile\" style=\"height: 50px\"><\/div><div class=\"cz_gap show_on_mobile clr\" style=\"height: 0px\"><\/div>[\/vc_column][\/vc_row]<\/p>\n<\/div>","protected":false},"excerpt":{"rendered":"[vc_row full_width=\"stretch_row_content_no_spaces\" css=\".vc_custom_1611587291902{margin-top: -80px !important;}\"][vc_column][vc_gmaps link=\"#E-8_JTNDaWZyYW1lJTIwc3JjJTNEJTIyaHR0cHMlM0ElMkYlMkZ3d3cuZ29vZ2xlLmNvbSUyRm1hcHMlMkZlbWJlZCUzRnBiJTNEJTIxMW0xNCUyMTFtOCUyMTFtMyUyMTFkMjI0MTQuMDE2OTIwNDI4MzEyJTIxMmQxMS43NTkzOTYlMjEzZDQ1LjM5NDE3MSUyMTNtMiUyMTFpMTAyNCUyMTJpNzY4JTIxNGYxMy4xJTIxM20zJTIxMW0yJTIxMXMweDAlMjUzQTB4MzhjZDMyYjQzMWFhODc3MCUyMTJzVGVjbm9tZXRhbCUyNTIwU3JsJTIxNWUwJTIxM20yJTIxMXNpdCUyMTJzaXQlMjE0djE2MTE1ODIyMTc0MDclMjE1bTIlMjExc2l0JTIxMnNpdCUyMiUyMHdpZHRoJTNEJTIyNjAwJTIyJTIwaGVpZ2h0JTNEJTIyNDUwJTIyJTIwZnJhbWVib3JkZXIlM0QlMjIwJTIyJTIwc3R5bGUlM0QlMjJib3JkZXIlM0EwJTNCJTIyJTIwYWxsb3dmdWxsc2NyZWVuJTNEJTIyJTIyJTIwYXJpYS1oaWRkZW4lM0QlMjJmYWxzZSUyMiUyMHRhYmluZGV4JTNEJTIyMCUyMiUzRSUzQyUyRmlmcmFtZSUzRQ==\"][\/vc_column][\/vc_row][vc_row][vc_column][\/vc_column][\/vc_row][vc_row][vc_column width=\"1\/2\"]KONTAKTWir stehen stets zu Ihrer Verf\u00fcgung Kontaktieren Sie uns F\u00fcllen Sie das Formular mit","protected":false},"author":2,"featured_media":0,"parent":0,"menu_order":0,"comment_status":"closed","ping_status":"closed","template":"","meta":{"footnotes":""},"class_list":["post-2161","page","type-page","status-publish","hentry"],"_links":{"self":[{"href":"https:\/\/www.tecnometalsrl.eu\/de\/wp-json\/wp\/v2\/pages\/2161","targetHints":{"allow":["GET"]}}],"collection":[{"href":"https:\/\/www.tecnometalsrl.eu\/de\/wp-json\/wp\/v2\/pages"}],"about":[{"href":"https:\/\/www.tecnometalsrl.eu\/de\/wp-json\/wp\/v2\/types\/page"}],"author":[{"embeddable":true,"href":"https:\/\/www.tecnometalsrl.eu\/de\/wp-json\/wp\/v2\/users\/2"}],"replies":[{"embeddable":true,"href":"https:\/\/www.tecnometalsrl.eu\/de\/wp-json\/wp\/v2\/comments?post=2161"}],"version-history":[{"count":0,"href":"https:\/\/www.tecnometalsrl.eu\/de\/wp-json\/wp\/v2\/pages\/2161\/revisions"}],"wp:attachment":[{"href":"https:\/\/www.tecnometalsrl.eu\/de\/wp-json\/wp\/v2\/media?parent=2161"}],"curies":[{"name":"wp","href":"https:\/\/api.w.org\/{rel}","templated":true}]}}